{"id":2019,"date":"2023-10-13T09:32:17","date_gmt":"2023-10-13T07:32:17","guid":{"rendered":"https:\/\/www.delzen.fr\/our-news\/"},"modified":"2023-11-24T10:51:21","modified_gmt":"2023-11-24T09:51:21","slug":"our-news","status":"publish","type":"page","link":"https:\/\/www.delzen.fr\/en\/our-news\/","title":{"rendered":"Our News"},"content":{"rendered":"\t\t<div data-elementor-type=\"wp-page\" data-elementor-id=\"2019\" class=\"elementor elementor-2019 elementor-959\" data-elementor-post-type=\"page\">\n\t\t\t\t<div class=\"elementor-element elementor-element-f5e304e e-flex e-con-boxed e-con e-parent\" data-id=\"f5e304e\" data-element_type=\"container\" data-e-type=\"container\" id=\"outillage\" data-settings=\"{&quot;background_background&quot;:&quot;classic&quot;,&quot;jet_parallax_layout_list&quot;:[]}\">\n\t\t\t\t\t<div class=\"e-con-inner\">\n\t\t<div class=\"elementor-element elementor-element-1d5d8b2 e-con-full e-flex e-con e-child\" data-id=\"1d5d8b2\" data-element_type=\"container\" data-e-type=\"container\" data-settings=\"{&quot;jet_parallax_layout_list&quot;:[]}\">\n\t\t\t\t<div class=\"elementor-element elementor-element-5d7f6c6 elementor-widget elementor-widget-heading\" data-id=\"5d7f6c6\" data-element_type=\"widget\" data-e-type=\"widget\" data-widget_type=\"heading.default\">\n\t\t\t\t<div class=\"elementor-widget-container\">\n\t\t\t\t\t<h2 class=\"elementor-heading-title elementor-size-default\">Our News<\/h2>\t\t\t\t<\/div>\n\t\t\t\t<\/div>\n\t\t\t\t<\/div>\n\t\t\t\t\t<\/div>\n\t\t\t\t<\/div>\n\t\t<div class=\"elementor-element elementor-element-d872345 e-flex e-con-boxed e-con e-parent\" data-id=\"d872345\" data-element_type=\"container\" data-e-type=\"container\" data-settings=\"{&quot;background_background&quot;:&quot;classic&quot;,&quot;jet_parallax_layout_list&quot;:[]}\">\n\t\t\t\t\t<div class=\"e-con-inner\">\n\t\t\t\t<div class=\"elementor-element elementor-element-86bb72d elementor-grid-3 elementor-grid-tablet-2 elementor-grid-mobile-1 elementor-posts--thumbnail-top elementor-card-shadow-yes elementor-posts__hover-gradient load-more-align-center elementor-widget elementor-widget-posts\" data-id=\"86bb72d\" data-element_type=\"widget\" data-e-type=\"widget\" data-settings=\"{&quot;cards_masonry&quot;:&quot;yes&quot;,&quot;pagination_type&quot;:&quot;load_more_on_click&quot;,&quot;cards_columns&quot;:&quot;3&quot;,&quot;cards_columns_tablet&quot;:&quot;2&quot;,&quot;cards_columns_mobile&quot;:&quot;1&quot;,&quot;cards_row_gap&quot;:{&quot;unit&quot;:&quot;px&quot;,&quot;size&quot;:35,&quot;sizes&quot;:[]},&quot;cards_row_gap_tablet&quot;:{&quot;unit&quot;:&quot;px&quot;,&quot;size&quot;:&quot;&quot;,&quot;sizes&quot;:[]},&quot;cards_row_gap_mobile&quot;:{&quot;unit&quot;:&quot;px&quot;,&quot;size&quot;:&quot;&quot;,&quot;sizes&quot;:[]},&quot;load_more_spinner&quot;:{&quot;value&quot;:&quot;fas fa-spinner&quot;,&quot;library&quot;:&quot;fa-solid&quot;}}\" data-widget_type=\"posts.cards\">\n\t\t\t\t<div class=\"elementor-widget-container\">\n\t\t\t\t\t\t\t<div class=\"elementor-posts-container elementor-posts elementor-posts--skin-cards elementor-grid\" role=\"list\">\n\t\t\t\t<article class=\"elementor-post elementor-grid-item post-3154 post type-post status-publish format-standard has-post-thumbnail hentry category-news\" role=\"listitem\">\n\t\t\t<div class=\"elementor-post__card\">\n\t\t\t\t<a class=\"elementor-post__thumbnail__link\" href=\"https:\/\/www.delzen.fr\/en\/bertrand-delzenne-discusses-with-minister-pannier-runacher-at-louvre-lens\/\" tabindex=\"-1\" ><div class=\"elementor-post__thumbnail\"><img fetchpriority=\"high\" decoding=\"async\" width=\"300\" height=\"225\" src=\"https:\/\/www.delzen.fr\/wp-content\/uploads\/2024\/01\/rencontre-ministre-300x225.jpg\" class=\"attachment-medium size-medium wp-image-3144\" alt=\"\" srcset=\"https:\/\/www.delzen.fr\/wp-content\/uploads\/2024\/01\/rencontre-ministre-300x225.jpg 300w, https:\/\/www.delzen.fr\/wp-content\/uploads\/2024\/01\/rencontre-ministre-768x576.jpg 768w, https:\/\/www.delzen.fr\/wp-content\/uploads\/2024\/01\/rencontre-ministre.jpg 800w\" sizes=\"(max-width: 300px) 100vw, 300px\" \/><\/div><\/a>\n\t\t\t\t<div class=\"elementor-post__badge\">News<\/div>\n\t\t\t\t<div class=\"elementor-post__text\">\n\t\t\t\t<h3 class=\"elementor-post__title\">\n\t\t\t<a href=\"https:\/\/www.delzen.fr\/en\/bertrand-delzenne-discusses-with-minister-pannier-runacher-at-louvre-lens\/\" >\n\t\t\t\tBertrand Delzenne discusses with Minister Pannier-Runacher at Louvre Lens\t\t\t<\/a>\n\t\t<\/h3>\n\t\t\t\t<div class=\"elementor-post__excerpt\">\n\t\t\t<p>As part of the Saint Barbara Meetings at the Louvre Lens, Bertrand Delzenne had the opportunity to meet with the Minister of Energy Transition, Mrs. Agn\u00e8s Pannier-Runacher. &#8220;This meeting provided<\/p>\n\t\t<\/div>\n\t\t\n\t\t<a class=\"elementor-post__read-more\" href=\"https:\/\/www.delzen.fr\/en\/bertrand-delzenne-discusses-with-minister-pannier-runacher-at-louvre-lens\/\" aria-label=\"Read more about Bertrand Delzenne discusses with Minister Pannier-Runacher at Louvre Lens\" tabindex=\"-1\" >\n\t\t\tRead more \u00bb\t\t<\/a>\n\n\t\t\t\t<\/div>\n\t\t\t\t<div class=\"elementor-post__meta-data\">\n\t\t\t\t\t<span class=\"elementor-post-date\">\n\t\t\t16 January 2024\t\t<\/span>\n\t\t\t\t<\/div>\n\t\t\t\t\t<\/div>\n\t\t<\/article>\n\t\t\t\t<article class=\"elementor-post elementor-grid-item post-3138 post type-post status-publish format-standard has-post-thumbnail hentry category-news\" role=\"listitem\">\n\t\t\t<div class=\"elementor-post__card\">\n\t\t\t\t<a class=\"elementor-post__thumbnail__link\" href=\"https:\/\/www.delzen.fr\/en\/very-nice-highlighting-for-our-reusable-stainless-steel-box\/\" tabindex=\"-1\" ><div class=\"elementor-post__thumbnail\"><img decoding=\"async\" width=\"300\" height=\"300\" src=\"https:\/\/www.delzen.fr\/wp-content\/uploads\/2024\/01\/Post-1-300x300.jpg\" class=\"attachment-medium size-medium wp-image-3124\" alt=\"\" srcset=\"https:\/\/www.delzen.fr\/wp-content\/uploads\/2024\/01\/Post-1-300x300.jpg 300w, https:\/\/www.delzen.fr\/wp-content\/uploads\/2024\/01\/Post-1-1024x1024.jpg 1024w, https:\/\/www.delzen.fr\/wp-content\/uploads\/2024\/01\/Post-1-150x150.jpg 150w, https:\/\/www.delzen.fr\/wp-content\/uploads\/2024\/01\/Post-1-768x768.jpg 768w, https:\/\/www.delzen.fr\/wp-content\/uploads\/2024\/01\/Post-1-500x500.jpg 500w, https:\/\/www.delzen.fr\/wp-content\/uploads\/2024\/01\/Post-1.jpg 1200w\" sizes=\"(max-width: 300px) 100vw, 300px\" \/><\/div><\/a>\n\t\t\t\t<div class=\"elementor-post__badge\">News<\/div>\n\t\t\t\t<div class=\"elementor-post__text\">\n\t\t\t\t<h3 class=\"elementor-post__title\">\n\t\t\t<a href=\"https:\/\/www.delzen.fr\/en\/very-nice-highlighting-for-our-reusable-stainless-steel-box\/\" >\n\t\t\t\tVery nice highlighting for our reusable stainless steel box.\t\t\t<\/a>\n\t\t<\/h3>\n\t\t\t\t<div class=\"elementor-post__excerpt\">\n\t\t\t<p>Yesterday, on Tuesday, December 12th, we had the pleasure and honor of being awarded, together with Carrefour, the LSA Innovation Trophy in the &#8216;non-food products&#8217; category. These boxes (available in<\/p>\n\t\t<\/div>\n\t\t\n\t\t<a class=\"elementor-post__read-more\" href=\"https:\/\/www.delzen.fr\/en\/very-nice-highlighting-for-our-reusable-stainless-steel-box\/\" aria-label=\"Read more about Very nice highlighting for our reusable stainless steel box.\" tabindex=\"-1\" >\n\t\t\tRead more \u00bb\t\t<\/a>\n\n\t\t\t\t<\/div>\n\t\t\t\t<div class=\"elementor-post__meta-data\">\n\t\t\t\t\t<span class=\"elementor-post-date\">\n\t\t\t16 January 2024\t\t<\/span>\n\t\t\t\t<\/div>\n\t\t\t\t\t<\/div>\n\t\t<\/article>\n\t\t\t\t<article class=\"elementor-post elementor-grid-item post-2518 post type-post status-publish format-standard has-post-thumbnail hentry category-news\" role=\"listitem\">\n\t\t\t<div class=\"elementor-post__card\">\n\t\t\t\t<a class=\"elementor-post__thumbnail__link\" href=\"https:\/\/www.delzen.fr\/en\/protect\/\" tabindex=\"-1\" ><div class=\"elementor-post__thumbnail\"><img decoding=\"async\" width=\"300\" height=\"300\" src=\"https:\/\/www.delzen.fr\/wp-content\/uploads\/2023\/11\/1700233106811-300x300.jpg\" class=\"attachment-medium size-medium wp-image-2516\" alt=\"\" srcset=\"https:\/\/www.delzen.fr\/wp-content\/uploads\/2023\/11\/1700233106811-300x300.jpg 300w, https:\/\/www.delzen.fr\/wp-content\/uploads\/2023\/11\/1700233106811-1024x1024.jpg 1024w, https:\/\/www.delzen.fr\/wp-content\/uploads\/2023\/11\/1700233106811-150x150.jpg 150w, https:\/\/www.delzen.fr\/wp-content\/uploads\/2023\/11\/1700233106811-768x768.jpg 768w, https:\/\/www.delzen.fr\/wp-content\/uploads\/2023\/11\/1700233106811-500x500.jpg 500w, https:\/\/www.delzen.fr\/wp-content\/uploads\/2023\/11\/1700233106811.jpg 1200w\" sizes=\"(max-width: 300px) 100vw, 300px\" \/><\/div><\/a>\n\t\t\t\t<div class=\"elementor-post__badge\">News<\/div>\n\t\t\t\t<div class=\"elementor-post__text\">\n\t\t\t\t<h3 class=\"elementor-post__title\">\n\t\t\t<a href=\"https:\/\/www.delzen.fr\/en\/protect\/\" >\n\t\t\t\tProtect\t\t\t<\/a>\n\t\t<\/h3>\n\t\t\t\t<div class=\"elementor-post__excerpt\">\n\t\t\t<p>For the first #ChargingStation installed at our Douvrin site, we chose MA BORNE AUTO The project went off smoothly, from quotation to first load, and is now enabling #EcoMobility at<\/p>\n\t\t<\/div>\n\t\t\n\t\t<a class=\"elementor-post__read-more\" href=\"https:\/\/www.delzen.fr\/en\/protect\/\" aria-label=\"Read more about Protect\" tabindex=\"-1\" >\n\t\t\tRead more \u00bb\t\t<\/a>\n\n\t\t\t\t<\/div>\n\t\t\t\t<div class=\"elementor-post__meta-data\">\n\t\t\t\t\t<span class=\"elementor-post-date\">\n\t\t\t24 November 2023\t\t<\/span>\n\t\t\t\t<\/div>\n\t\t\t\t\t<\/div>\n\t\t<\/article>\n\t\t\t\t<\/div>\n\t\t\t\t\t<span class=\"e-load-more-spinner\">\n\t\t\t\t<i aria-hidden=\"true\" class=\"fas fa-spinner\"><\/i>\t\t\t<\/span>\n\t\t\n\t\t\t\t<div class=\"e-load-more-anchor\" data-page=\"1\" data-max-page=\"2\" data-next-page=\"https:\/\/www.delzen.fr\/en\/wp-json\/wp\/v2\/pages\/2019\/page\/2\/\"><\/div>\n\t\t\t\t<div class=\"elementor-button-wrapper\">\n\t\t\t<a class=\"elementor-button elementor-size-sm\" role=\"button\">\n\t\t\t\t\t\t<span class=\"elementor-button-content-wrapper\">\n\t\t\t\t\t\t\t\t\t<span class=\"elementor-button-text\">Load More<\/span>\n\t\t\t\t\t<\/span>\n\t\t\t\t\t<\/a>\n\t\t<\/div>\n\t\t\t\t<div class=\"e-load-more-message\"><\/div>\n\t\t\t\t\t\t<\/div>\n\t\t\t\t<\/div>\n\t\t\t\t\t<\/div>\n\t\t\t\t<\/div>\n\t\t\t\t<\/div>\n\t\t","protected":false},"excerpt":{"rendered":"<p>Our News<\/p>\n","protected":false},"author":1,"featured_media":0,"parent":0,"menu_order":0,"comment_status":"closed","ping_status":"closed","template":"full-width.php","meta":{"_acf_changed":false,"inline_featured_image":false,"footnotes":""},"class_list":["post-2019","page","type-page","status-publish","hentry"],"acf":[],"yoast_head":"<!-- This site is optimized with the Yoast SEO plugin v27.5 - https:\/\/yoast.com\/product\/yoast-seo-wordpress\/ -->\n<title>Our News - Delzen<\/title>\n<meta name=\"robots\" content=\"index, follow, max-snippet:-1, max-image-preview:large, max-video-preview:-1\" \/>\n<link rel=\"canonical\" href=\"https:\/\/www.delzen.fr\/en\/our-news\/\" \/>\n<meta property=\"og:locale\" content=\"en_US\" \/>\n<meta property=\"og:type\" content=\"article\" \/>\n<meta property=\"og:title\" content=\"Our News - Delzen\" \/>\n<meta property=\"og:description\" content=\"Our News\" \/>\n<meta property=\"og:url\" content=\"https:\/\/www.delzen.fr\/en\/our-news\/\" \/>\n<meta property=\"og:site_name\" content=\"Delzen\" \/>\n<meta property=\"article:modified_time\" content=\"2023-11-24T09:51:21+00:00\" \/>\n<meta property=\"og:image\" content=\"https:\/\/www.delzen.fr\/wp-content\/uploads\/2023\/10\/DELZEN-LOGO.gif\" \/>\n\t<meta property=\"og:image:width\" content=\"150\" \/>\n\t<meta property=\"og:image:height\" content=\"141\" \/>\n\t<meta property=\"og:image:type\" content=\"image\/gif\" \/>\n<meta name=\"twitter:card\" content=\"summary_large_image\" \/>\n<script type=\"application\/ld+json\" class=\"yoast-schema-graph\">{\"@context\":\"https:\\\/\\\/schema.org\",\"@graph\":[{\"@type\":\"WebPage\",\"@id\":\"https:\\\/\\\/www.delzen.fr\\\/en\\\/our-news\\\/\",\"url\":\"https:\\\/\\\/www.delzen.fr\\\/en\\\/our-news\\\/\",\"name\":\"Our News - Delzen\",\"isPartOf\":{\"@id\":\"https:\\\/\\\/www.delzen.fr\\\/en\\\/#website\"},\"datePublished\":\"2023-10-13T07:32:17+00:00\",\"dateModified\":\"2023-11-24T09:51:21+00:00\",\"breadcrumb\":{\"@id\":\"https:\\\/\\\/www.delzen.fr\\\/en\\\/our-news\\\/#breadcrumb\"},\"inLanguage\":\"en-US\",\"potentialAction\":[{\"@type\":\"ReadAction\",\"target\":[\"https:\\\/\\\/www.delzen.fr\\\/en\\\/our-news\\\/\"]}]},{\"@type\":\"BreadcrumbList\",\"@id\":\"https:\\\/\\\/www.delzen.fr\\\/en\\\/our-news\\\/#breadcrumb\",\"itemListElement\":[{\"@type\":\"ListItem\",\"position\":1,\"name\":\"Accueil\",\"item\":\"https:\\\/\\\/www.delzen.fr\\\/en\\\/\"},{\"@type\":\"ListItem\",\"position\":2,\"name\":\"Our News\"}]},{\"@type\":\"WebSite\",\"@id\":\"https:\\\/\\\/www.delzen.fr\\\/en\\\/#website\",\"url\":\"https:\\\/\\\/www.delzen.fr\\\/en\\\/\",\"name\":\"Delzen - Pi\u00e8ces m\u00e9talliques d\u00e9coup\u00e9es embouties & fonctions techniques assembl\u00e9es\",\"description\":\"D\u00e9coupage, emboutissage acier, inox, aluminium\",\"publisher\":{\"@id\":\"https:\\\/\\\/www.delzen.fr\\\/en\\\/#organization\"},\"potentialAction\":[{\"@type\":\"SearchAction\",\"target\":{\"@type\":\"EntryPoint\",\"urlTemplate\":\"https:\\\/\\\/www.delzen.fr\\\/en\\\/?s={search_term_string}\"},\"query-input\":{\"@type\":\"PropertyValueSpecification\",\"valueRequired\":true,\"valueName\":\"search_term_string\"}}],\"inLanguage\":\"en-US\"},{\"@type\":\"Organization\",\"@id\":\"https:\\\/\\\/www.delzen.fr\\\/en\\\/#organization\",\"name\":\"Delzen - Pi\u00e8ces m\u00e9talliques d\u00e9coup\u00e9es embouties & fonctions techniques assembl\u00e9es\",\"alternateName\":\"DELZEN\",\"url\":\"https:\\\/\\\/www.delzen.fr\\\/en\\\/\",\"logo\":{\"@type\":\"ImageObject\",\"inLanguage\":\"en-US\",\"@id\":\"https:\\\/\\\/www.delzen.fr\\\/en\\\/#\\\/schema\\\/logo\\\/image\\\/\",\"url\":\"https:\\\/\\\/www.delzen.fr\\\/wp-content\\\/uploads\\\/2023\\\/10\\\/DELZEN-LOGO.gif\",\"contentUrl\":\"https:\\\/\\\/www.delzen.fr\\\/wp-content\\\/uploads\\\/2023\\\/10\\\/DELZEN-LOGO.gif\",\"width\":150,\"height\":141,\"caption\":\"Delzen - Pi\u00e8ces m\u00e9talliques d\u00e9coup\u00e9es embouties & fonctions techniques assembl\u00e9es\"},\"image\":{\"@id\":\"https:\\\/\\\/www.delzen.fr\\\/en\\\/#\\\/schema\\\/logo\\\/image\\\/\"},\"sameAs\":[\"https:\\\/\\\/www.linkedin.com\\\/company\\\/delzen-group\\\/\"]}]}<\/script>\n<!-- \/ Yoast SEO plugin. -->","yoast_head_json":{"title":"Our News - Delzen","robots":{"index":"index","follow":"follow","max-snippet":"max-snippet:-1","max-image-preview":"max-image-preview:large","max-video-preview":"max-video-preview:-1"},"canonical":"https:\/\/www.delzen.fr\/en\/our-news\/","og_locale":"en_US","og_type":"article","og_title":"Our News - Delzen","og_description":"Our News","og_url":"https:\/\/www.delzen.fr\/en\/our-news\/","og_site_name":"Delzen","article_modified_time":"2023-11-24T09:51:21+00:00","og_image":[{"width":150,"height":141,"url":"https:\/\/www.delzen.fr\/wp-content\/uploads\/2023\/10\/DELZEN-LOGO.gif","type":"image\/gif"}],"twitter_card":"summary_large_image","schema":{"@context":"https:\/\/schema.org","@graph":[{"@type":"WebPage","@id":"https:\/\/www.delzen.fr\/en\/our-news\/","url":"https:\/\/www.delzen.fr\/en\/our-news\/","name":"Our News - Delzen","isPartOf":{"@id":"https:\/\/www.delzen.fr\/en\/#website"},"datePublished":"2023-10-13T07:32:17+00:00","dateModified":"2023-11-24T09:51:21+00:00","breadcrumb":{"@id":"https:\/\/www.delzen.fr\/en\/our-news\/#breadcrumb"},"inLanguage":"en-US","potentialAction":[{"@type":"ReadAction","target":["https:\/\/www.delzen.fr\/en\/our-news\/"]}]},{"@type":"BreadcrumbList","@id":"https:\/\/www.delzen.fr\/en\/our-news\/#breadcrumb","itemListElement":[{"@type":"ListItem","position":1,"name":"Accueil","item":"https:\/\/www.delzen.fr\/en\/"},{"@type":"ListItem","position":2,"name":"Our News"}]},{"@type":"WebSite","@id":"https:\/\/www.delzen.fr\/en\/#website","url":"https:\/\/www.delzen.fr\/en\/","name":"Delzen - Pi\u00e8ces m\u00e9talliques d\u00e9coup\u00e9es embouties & fonctions techniques assembl\u00e9es","description":"D\u00e9coupage, emboutissage acier, inox, aluminium","publisher":{"@id":"https:\/\/www.delzen.fr\/en\/#organization"},"potentialAction":[{"@type":"SearchAction","target":{"@type":"EntryPoint","urlTemplate":"https:\/\/www.delzen.fr\/en\/?s={search_term_string}"},"query-input":{"@type":"PropertyValueSpecification","valueRequired":true,"valueName":"search_term_string"}}],"inLanguage":"en-US"},{"@type":"Organization","@id":"https:\/\/www.delzen.fr\/en\/#organization","name":"Delzen - Pi\u00e8ces m\u00e9talliques d\u00e9coup\u00e9es embouties & fonctions techniques assembl\u00e9es","alternateName":"DELZEN","url":"https:\/\/www.delzen.fr\/en\/","logo":{"@type":"ImageObject","inLanguage":"en-US","@id":"https:\/\/www.delzen.fr\/en\/#\/schema\/logo\/image\/","url":"https:\/\/www.delzen.fr\/wp-content\/uploads\/2023\/10\/DELZEN-LOGO.gif","contentUrl":"https:\/\/www.delzen.fr\/wp-content\/uploads\/2023\/10\/DELZEN-LOGO.gif","width":150,"height":141,"caption":"Delzen - Pi\u00e8ces m\u00e9talliques d\u00e9coup\u00e9es embouties & fonctions techniques assembl\u00e9es"},"image":{"@id":"https:\/\/www.delzen.fr\/en\/#\/schema\/logo\/image\/"},"sameAs":["https:\/\/www.linkedin.com\/company\/delzen-group\/"]}]}},"_links":{"self":[{"href":"https:\/\/www.delzen.fr\/en\/wp-json\/wp\/v2\/pages\/2019","targetHints":{"allow":["GET"]}}],"collection":[{"href":"https:\/\/www.delzen.fr\/en\/wp-json\/wp\/v2\/pages"}],"about":[{"href":"https:\/\/www.delzen.fr\/en\/wp-json\/wp\/v2\/types\/page"}],"author":[{"embeddable":true,"href":"https:\/\/www.delzen.fr\/en\/wp-json\/wp\/v2\/users\/1"}],"replies":[{"embeddable":true,"href":"https:\/\/www.delzen.fr\/en\/wp-json\/wp\/v2\/comments?post=2019"}],"version-history":[{"count":4,"href":"https:\/\/www.delzen.fr\/en\/wp-json\/wp\/v2\/pages\/2019\/revisions"}],"predecessor-version":[{"id":2533,"href":"https:\/\/www.delzen.fr\/en\/wp-json\/wp\/v2\/pages\/2019\/revisions\/2533"}],"wp:attachment":[{"href":"https:\/\/www.delzen.fr\/en\/wp-json\/wp\/v2\/media?parent=2019"}],"curies":[{"name":"wp","href":"https:\/\/api.w.org\/{rel}","templated":true}]}}